{"id":519,"date":"2025-08-14T13:57:00","date_gmt":"2025-08-14T18:57:00","guid":{"rendered":"https:\/\/transestrellafluvialg.com\/about-us\/"},"modified":"2025-09-03T13:15:26","modified_gmt":"2025-09-03T18:15:26","slug":"sobre-nosotros","status":"publish","type":"page","link":"https:\/\/transestrellafluvialg.com\/pt\/sobre-nosotros\/","title":{"rendered":"Sobre n\u00f3s"},"content":{"rendered":"<div data-elementor-type=\"wp-post\" data-elementor-id=\"519\" class=\"elementor elementor-519\" data-elementor-post-type=\"page\">\n\t\t\t\t<div data-particle_enable=\"false\" data-particle-mobile-disabled=\"false\" class=\"elementor-element elementor-element-c88da4e e-flex e-con-boxed e-con e-parent\" data-id=\"c88da4e\" data-element_type=\"container\" data-settings=\"{&quot;background_background&quot;:&quot;classic&quot;}\">\n\t\t\t\t\t<div class=\"e-con-inner\">\n\t\t\t\t<div class=\"elementor-element elementor-element-75ba7b40 elementor-widget elementor-widget-heading\" data-id=\"75ba7b40\" data-element_type=\"widget\" data-widget_type=\"heading.default\">\n\t\t\t\t<div class=\"elementor-widget-container\">\n\t\t\t\t\t<h2 class=\"elementor-heading-title elementor-size-default\">N\u00f3s<\/h2>\t\t\t\t<\/div>\n\t\t\t\t<\/div>\n\t\t\t\t\t<\/div>\n\t\t\t\t<\/div>\n\t\t<div data-particle_enable=\"false\" data-particle-mobile-disabled=\"false\" class=\"elementor-element elementor-element-75f36fa e-flex e-con-boxed e-con e-parent\" data-id=\"75f36fa\" data-element_type=\"container\">\n\t\t\t\t\t<div class=\"e-con-inner\">\n\t\t<div data-particle_enable=\"false\" data-particle-mobile-disabled=\"false\" class=\"elementor-element elementor-element-67081d7 e-con-full e-flex e-con e-child\" data-id=\"67081d7\" data-element_type=\"container\">\n\t\t\t\t<div class=\"elementor-element elementor-element-071ac02 elementor-widget elementor-widget-image\" data-id=\"071ac02\" data-element_type=\"widget\" data-widget_type=\"image.default\">\n\t\t\t\t<div class=\"elementor-widget-container\">\n\t\t\t\t\t\t\t\t\t\t\t\t\t\t\t<img fetchpriority=\"high\" decoding=\"async\" width=\"500\" height=\"500\" src=\"https:\/\/transestrellafluvialg.com\/wp-content\/uploads\/2025\/09\/LOGO-2.png\" class=\"attachment-medium_large size-medium_large wp-image-1633\" alt=\"\" srcset=\"https:\/\/transestrellafluvialg.com\/wp-content\/uploads\/2025\/09\/LOGO-2.png 500w, https:\/\/transestrellafluvialg.com\/wp-content\/uploads\/2025\/09\/LOGO-2-300x300.png 300w, https:\/\/transestrellafluvialg.com\/wp-content\/uploads\/2025\/09\/LOGO-2-150x150.png 150w, https:\/\/transestrellafluvialg.com\/wp-content\/uploads\/2025\/09\/LOGO-2-12x12.png 12w, https:\/\/transestrellafluvialg.com\/wp-content\/uploads\/2025\/09\/LOGO-2-100x100.png 100w, https:\/\/transestrellafluvialg.com\/wp-content\/uploads\/2025\/09\/LOGO-2-64x64.png 64w\" sizes=\"(max-width: 500px) 100vw, 500px\" \/>\t\t\t\t\t\t\t\t\t\t\t\t\t\t\t<\/div>\n\t\t\t\t<\/div>\n\t\t\t\t<\/div>\n\t\t<div data-particle_enable=\"false\" data-particle-mobile-disabled=\"false\" class=\"elementor-element elementor-element-4ec2565 e-con-full e-flex e-con e-child\" data-id=\"4ec2565\" data-element_type=\"container\">\n\t\t\t\t<div class=\"elementor-element elementor-element-16d15ab elementor-drop-cap-yes elementor-drop-cap-view-default elementor-widget elementor-widget-text-editor\" data-id=\"16d15ab\" data-element_type=\"widget\" data-settings=\"{&quot;drop_cap&quot;:&quot;yes&quot;}\" data-widget_type=\"text-editor.default\">\n\t\t\t\t<div class=\"elementor-widget-container\">\n\t\t\t\t\t\t\t\t\t<p><strong>TRANSPORTADORA DO RIO ESTRELLA DA GUAINIA SAS <\/strong>\u00e9 uma empresa de transporte fluvial de passageiros com mais de 20 anos de experi\u00eancia atendendo clientes que utilizaram nossos servi\u00e7os em diversas rotas fluviais para diferentes destinos na Amaz\u00f4nia colombiana. Desde a cria\u00e7\u00e3o da empresa, in\u00fameros marcos foram alcan\u00e7ados ao longo dos anos, impulsionando o crescimento de nossa frota e fortalecendo a confian\u00e7a daqueles que tiveram a oportunidade de usufruir de nossos servi\u00e7os, como comerciantes, empres\u00e1rios, turistas e visitantes desta regi\u00e3o, que constantemente nos escolhem para garantir que seus passageiros e cargas cheguem aos seus destinos com rapidez e seguran\u00e7a.<\/p>\t\t\t\t\t\t\t\t<\/div>\n\t\t\t\t<\/div>\n\t\t\t\t<\/div>\n\t\t\t\t\t<\/div>\n\t\t\t\t<\/div>\n\t\t<div data-particle_enable=\"false\" data-particle-mobile-disabled=\"false\" class=\"elementor-element elementor-element-76759fe e-flex e-con-boxed e-con e-parent\" data-id=\"76759fe\" data-element_type=\"container\" data-settings=\"{&quot;background_background&quot;:&quot;classic&quot;}\">\n\t\t\t\t\t<div class=\"e-con-inner\">\n\t\t<div data-particle_enable=\"false\" data-particle-mobile-disabled=\"false\" class=\"elementor-element elementor-element-4429819 e-con-full e-flex e-con e-child\" data-id=\"4429819\" data-element_type=\"container\" data-settings=\"{&quot;background_background&quot;:&quot;classic&quot;}\">\n\t\t\t\t<div class=\"elementor-element elementor-element-9e178a1 elementor-widget elementor-widget-heading\" data-id=\"9e178a1\" data-element_type=\"widget\" data-widget_type=\"heading.default\">\n\t\t\t\t<div class=\"elementor-widget-container\">\n\t\t\t\t\t<h2 class=\"elementor-heading-title elementor-size-default\">Miss\u00e3o<\/h2>\t\t\t\t<\/div>\n\t\t\t\t<\/div>\n\t\t\t\t<div class=\"elementor-element elementor-element-8aac098 elementor-widget elementor-widget-text-editor\" data-id=\"8aac098\" data-element_type=\"widget\" data-widget_type=\"text-editor.default\">\n\t\t\t\t<div class=\"elementor-widget-container\">\n\t\t\t\t\t\t\t\t\t<p>Nossa miss\u00e3o \u00e9 oferecer aos nossos clientes um servi\u00e7o de alta qualidade, r\u00e1pido e seguro a um custo mais acess\u00edvel. Buscamos o benef\u00edcio e a satisfa\u00e7\u00e3o integral de nossos passageiros e membros, com base em nossa capacidade de identificar seus desejos e necessidades. Estamos comprometidos em ser a melhor op\u00e7\u00e3o como empresa fluvial, com uma equipe qualificada, capacitada e motivada, pois sabemos que o sucesso do nosso neg\u00f3cio depende disso.<\/p><p>Cumprimos o desenvolvimento econ\u00f4mico e social do leste da Col\u00f4mbia, atrav\u00e9s dos rios In\u00edrida, Guain\u00eda, Guaviare e Orinoco, beneficiando principalmente os habitantes da cidade de In\u00edrida e suas margens, damos satisfa\u00e7\u00e3o aos turistas e visitantes, garantimos com nossa equipe de afiliados, equidade, qualidade, cumprimento de seus requisitos e compromisso com as normas de navega\u00e7\u00e3o, atuamos com responsabilidade social corporativa e colabora\u00e7\u00e3o com as comunidades onde nossos servi\u00e7os de transporte fluvial s\u00e3o utilizados como destino.<\/p>\t\t\t\t\t\t\t\t<\/div>\n\t\t\t\t<\/div>\n\t\t\t\t<div class=\"elementor-element elementor-element-f573031 elementor-widget elementor-widget-heading\" data-id=\"f573031\" data-element_type=\"widget\" data-widget_type=\"heading.default\">\n\t\t\t\t<div class=\"elementor-widget-container\">\n\t\t\t\t\t<h2 class=\"elementor-heading-title elementor-size-default\">Vis\u00e3o<\/h2>\t\t\t\t<\/div>\n\t\t\t\t<\/div>\n\t\t\t\t<div class=\"elementor-element elementor-element-ba85555 elementor-widget elementor-widget-text-editor\" data-id=\"ba85555\" data-element_type=\"widget\" data-widget_type=\"text-editor.default\">\n\t\t\t\t<div class=\"elementor-widget-container\">\n\t\t\t\t\t\t\t\t\t<p>At\u00e9 o ano de 2030 <strong><b>\u00abGUAINIA RIVER STAR TRANSPORTER SAS\u00bb<\/b><\/strong>\u00a0Inovar em solu\u00e7\u00f5es de transporte fluvial de passageiros e cargas, introduzindo novas rotas e servi\u00e7os, disponibilizando embarca\u00e7\u00f5es com projetos avan\u00e7ados, voltadas ao conforto, seguran\u00e7a, economia da nossa clientela, otimiza\u00e7\u00e3o de recursos e prote\u00e7\u00e3o ambiental.<\/p><p>At\u00e9 2030, tamb\u00e9m nos concentraremos em nos tornar uma empresa de transporte fluvial diversificada e produzida em massa, otimizando continuamente nossos recursos e oferecendo o servi\u00e7o mais eficiente, seguro e econ\u00f4mico do mercado.<\/p>\t\t\t\t\t\t\t\t<\/div>\n\t\t\t\t<\/div>\n\t\t\t\t<\/div>\n\t\t\t\t\t<\/div>\n\t\t\t\t<\/div>\n\t\t<div data-particle_enable=\"false\" data-particle-mobile-disabled=\"false\" class=\"elementor-element elementor-element-c9bcd3f e-flex e-con-boxed e-con e-parent\" data-id=\"c9bcd3f\" data-element_type=\"container\" data-settings=\"{&quot;background_background&quot;:&quot;classic&quot;}\">\n\t\t\t\t\t<div class=\"e-con-inner\">\n\t\t<div data-particle_enable=\"false\" data-particle-mobile-disabled=\"false\" class=\"elementor-element elementor-element-ae770c2 e-con-full e-flex e-con e-child\" data-id=\"ae770c2\" data-element_type=\"container\">\n\t\t\t\t<div class=\"elementor-element elementor-element-d9f1f9b elementor-view-default elementor-widget elementor-widget-icon\" data-id=\"d9f1f9b\" data-element_type=\"widget\" data-widget_type=\"icon.default\">\n\t\t\t\t<div class=\"elementor-widget-container\">\n\t\t\t\t\t\t\t<div class=\"elementor-icon-wrapper\">\n\t\t\t<div class=\"elementor-icon\">\n\t\t\t<svg aria-hidden=\"true\" class=\"e-font-icon-svg e-fas-award\" viewbox=\"0 0 384 512\" xmlns=\"http:\/\/www.w3.org\/2000\/svg\"><path d=\"M97.12 362.63c-8.69-8.69-4.16-6.24-25.12-11.85-9.51-2.55-17.87-7.45-25.43-13.32L1.2 448.7c-4.39 10.77 3.81 22.47 15.43 22.03l52.69-2.01L105.56 507c8 8.44 22.04 5.81 26.43-4.96l52.05-127.62c-10.84 6.04-22.87 9.58-35.31 9.58-19.5 0-37.82-7.59-51.61-21.37zM382.8 448.7l-45.37-111.24c-7.56 5.88-15.92 10.77-25.43 13.32-21.07 5.64-16.45 3.18-25.12 11.85-13.79 13.78-32.12 21.37-51.62 21.37-12.44 0-24.47-3.55-35.31-9.58L252 502.04c4.39 10.77 18.44 13.4 26.43 4.96l36.25-38.28 52.69 2.01c11.62.44 19.82-11.27 15.43-22.03zM263 340c15.28-15.55 17.03-14.21 38.79-20.14 13.89-3.79 24.75-14.84 28.47-28.98 7.48-28.4 5.54-24.97 25.95-45.75 10.17-10.35 14.14-25.44 10.42-39.58-7.47-28.38-7.48-24.42 0-52.83 3.72-14.14-.25-29.23-10.42-39.58-20.41-20.78-18.47-17.36-25.95-45.75-3.72-14.14-14.58-25.19-28.47-28.98-27.88-7.61-24.52-5.62-44.95-26.41-10.17-10.35-25-14.4-38.89-10.61-27.87 7.6-23.98 7.61-51.9 0-13.89-3.79-28.72.25-38.89 10.61-20.41 20.78-17.05 18.8-44.94 26.41-13.89 3.79-24.75 14.84-28.47 28.98-7.47 28.39-5.54 24.97-25.95 45.75-10.17 10.35-14.15 25.44-10.42 39.58 7.47 28.36 7.48 24.4 0 52.82-3.72 14.14.25 29.23 10.42 39.59 20.41 20.78 18.47 17.35 25.95 45.75 3.72 14.14 14.58 25.19 28.47 28.98C104.6 325.96 106.27 325 121 340c13.23 13.47 33.84 15.88 49.74 5.82a39.676 39.676 0 0 1 42.53 0c15.89 10.06 36.5 7.65 49.73-5.82zM97.66 175.96c0-53.03 42.24-96.02 94.34-96.02s94.34 42.99 94.34 96.02-42.24 96.02-94.34 96.02-94.34-42.99-94.34-96.02z\"><\/path><\/svg>\t\t\t<\/div>\n\t\t<\/div>\n\t\t\t\t\t\t<\/div>\n\t\t\t\t<\/div>\n\t\t\t\t<div class=\"elementor-element elementor-element-2192db9 elementor-widget elementor-widget-heading\" data-id=\"2192db9\" data-element_type=\"widget\" data-widget_type=\"heading.default\">\n\t\t\t\t<div class=\"elementor-widget-container\">\n\t\t\t\t\t<h2 class=\"elementor-heading-title elementor-size-default\">VALORES <\/h2>\t\t\t\t<\/div>\n\t\t\t\t<\/div>\n\t\t\t\t<div class=\"elementor-element elementor-element-c12acc6 elementor-widget elementor-widget-text-editor\" data-id=\"c12acc6\" data-element_type=\"widget\" data-widget_type=\"text-editor.default\">\n\t\t\t\t<div class=\"elementor-widget-container\">\n\t\t\t\t\t\t\t\t\t<p>Responsabilidade, seguran\u00e7a, pontualidade, honestidade, compromisso com a qualidade, respeito, profissionalismo e sustentabilidade. Esses valores s\u00e3o essenciais para construir uma boa reputa\u00e7\u00e3o, fidelizar clientes e garantir um servi\u00e7o eficiente e de alta qualidade.<\/p>\t\t\t\t\t\t\t\t<\/div>\n\t\t\t\t<\/div>\n\t\t\t\t<\/div>\n\t\t\t\t\t<\/div>\n\t\t\t\t<\/div>\n\t\t<div data-particle_enable=\"false\" data-particle-mobile-disabled=\"false\" class=\"elementor-element elementor-element-ef345b3 e-flex e-con-boxed e-con e-parent\" data-id=\"ef345b3\" data-element_type=\"container\">\n\t\t\t\t\t<div class=\"e-con-inner\">\n\t\t<div data-particle_enable=\"false\" data-particle-mobile-disabled=\"false\" class=\"elementor-element elementor-element-0e2ffc5 e-con-full e-flex e-con e-child\" data-id=\"0e2ffc5\" data-element_type=\"container\">\n\t\t\t\t<div class=\"elementor-element elementor-element-9aaf746 elementor-widget elementor-widget-heading\" data-id=\"9aaf746\" data-element_type=\"widget\" data-widget_type=\"heading.default\">\n\t\t\t\t<div class=\"elementor-widget-container\">\n\t\t\t\t\t<h4 class=\"elementor-heading-title elementor-size-default\">RESPONSABILIDADE SOCIAL CORPORATIVA<\/h4>\t\t\t\t<\/div>\n\t\t\t\t<\/div>\n\t\t\t\t<\/div>\n\t\t<div data-particle_enable=\"false\" data-particle-mobile-disabled=\"false\" class=\"elementor-element elementor-element-8aa84b9 e-con-full e-flex e-con e-child\" data-id=\"8aa84b9\" data-element_type=\"container\">\n\t\t\t\t<div class=\"elementor-element elementor-element-d2322a3 elementor-widget elementor-widget-image\" data-id=\"d2322a3\" data-element_type=\"widget\" data-widget_type=\"image.default\">\n\t\t\t\t<div class=\"elementor-widget-container\">\n\t\t\t\t\t\t\t\t\t\t\t\t\t\t\t<img decoding=\"async\" width=\"1024\" height=\"576\" data-src=\"https:\/\/transestrellafluvialg.com\/wp-content\/uploads\/2025\/08\/Contenido-20-1024x576.png\" class=\"attachment-large size-large wp-image-1302 lazyload\" alt=\"\" data-srcset=\"https:\/\/transestrellafluvialg.com\/wp-content\/uploads\/2025\/08\/Contenido-20-1024x576.png 1024w, https:\/\/transestrellafluvialg.com\/wp-content\/uploads\/2025\/08\/Contenido-20-300x169.png 300w, https:\/\/transestrellafluvialg.com\/wp-content\/uploads\/2025\/08\/Contenido-20-768x432.png 768w, https:\/\/transestrellafluvialg.com\/wp-content\/uploads\/2025\/08\/Contenido-20-1536x864.png 1536w, https:\/\/transestrellafluvialg.com\/wp-content\/uploads\/2025\/08\/Contenido-20-600x338.png 600w, https:\/\/transestrellafluvialg.com\/wp-content\/uploads\/2025\/08\/Contenido-20-64x36.png 64w, https:\/\/transestrellafluvialg.com\/wp-content\/uploads\/2025\/08\/Contenido-20.png 1920w\" data-sizes=\"(max-width: 1024px) 100vw, 1024px\" src=\"data:image\/gif;base64,R0lGODlhAQABAAAAACH5BAEKAAEALAAAAAABAAEAAAICTAEAOw==\" style=\"--smush-placeholder-width: 1024px; --smush-placeholder-aspect-ratio: 1024\/576;\" \/>\t\t\t\t\t\t\t\t\t\t\t\t\t\t\t<\/div>\n\t\t\t\t<\/div>\n\t\t\t\t<\/div>\n\t\t\t\t\t<\/div>\n\t\t\t\t<\/div>\n\t\t<div data-particle_enable=\"false\" data-particle-mobile-disabled=\"false\" class=\"elementor-element elementor-element-db54e08 e-flex e-con-boxed e-con e-parent\" data-id=\"db54e08\" data-element_type=\"container\">\n\t\t\t\t\t<div class=\"e-con-inner\">\n\t\t<div data-particle_enable=\"false\" data-particle-mobile-disabled=\"false\" class=\"elementor-element elementor-element-5fc8173 e-con-full e-flex e-con e-child\" data-id=\"5fc8173\" data-element_type=\"container\">\n\t\t\t\t<div class=\"elementor-element elementor-element-fef3e72 elementor-widget elementor-widget-text-editor\" data-id=\"fef3e72\" data-element_type=\"widget\" data-widget_type=\"text-editor.default\">\n\t\t\t\t<div class=\"elementor-widget-container\">\n\t\t\t\t\t\t\t\t\t<p>O setor de transporte e log\u00edstica tem um impacto significativo no meio ambiente devido \u00e0 sua atividade. Portanto, <strong>TRANSPORTADORA DO RIO ESTRELLA DA GUINIA SAS<\/strong>. visa gerar valor agregado para a empresa por meio da conscientiza\u00e7\u00e3o sobre sua responsabilidade social, ambiental e trabalhista.<\/p><p>A empresa se compromete profundamente com cada cliente, trabalhando para garantir a qualidade dos servi\u00e7os oferecidos. Antes de tomar uma decis\u00e3o, avalia o impacto potencial de a\u00e7\u00f5es futuras na sociedade, nos colaboradores e no meio ambiente.<\/p><p>As linhas estrat\u00e9gicas de responsabilidade social baseiam-se em diversos pilares que abrangem todas as necessidades e se adaptam \u00e0 filosofia da empresa. Dentro da estrutura de responsabilidade social que encontramos em nossa empresa, existem diferentes aspectos.<\/p><p><strong>A) SOCIAL<\/strong><\/p><ul><li>Servir a sociedade com produtos \u00fateis e em condi\u00e7\u00f5es justas.<\/li><li>Melhorar as possibilidades e oportunidades da comunidade onde nos estabelecemos como empresa.<\/li><li>Colabora\u00e7\u00f5es com projetos de diferentes entidades sociais.<\/li><li>Comprometimento com a manuten\u00e7\u00e3o e melhoria de ve\u00edculos e instala\u00e7\u00f5es.<\/li><\/ul><p><strong>B) AMBIENTAL<\/strong><\/p><ul><li>Respeite o meio ambiente, evitando ao m\u00e1ximo qualquer tipo de polui\u00e7\u00e3o.<\/li><li>Monitorar a gest\u00e3o dos res\u00edduos gerados.<\/li><li>Analise a efici\u00eancia energ\u00e9tica da empresa.<\/li><li>Envolva todos os funcion\u00e1rios em boas pr\u00e1ticas de RSC.<\/li><li>Otimiza\u00e7\u00e3o energ\u00e9tica gra\u00e7as aos pain\u00e9is solares instalados.<\/li><li>Otimizando rotas de motociclistas para economizar combust\u00edvel.<\/li><li>Ve\u00edculos ecologicamente corretos.<\/li><li>Reciclagem dentro da empresa, tanto no setor de armazenagem quanto no transporte de mercadorias e passageiros.<\/li><\/ul>\t\t\t\t\t\t\t\t<\/div>\n\t\t\t\t<\/div>\n\t\t\t\t<\/div>\n\t\t\t\t\t<\/div>\n\t\t\t\t<\/div>\n\t\t<div data-particle_enable=\"false\" data-particle-mobile-disabled=\"false\" class=\"elementor-element elementor-element-16a3bc0 e-flex e-con-boxed e-con e-parent\" data-id=\"16a3bc0\" data-element_type=\"container\">\n\t\t\t\t\t<div class=\"e-con-inner\">\n\t\t\t\t<div class=\"elementor-element elementor-element-4d42b055 elementor-arrows-position-inside elementor-pagination-position-outside elementor-widget elementor-widget-image-carousel\" data-id=\"4d42b055\" data-element_type=\"widget\" data-settings=\"{&quot;slides_to_show_mobile&quot;:&quot;3&quot;,&quot;navigation&quot;:&quot;both&quot;,&quot;autoplay&quot;:&quot;yes&quot;,&quot;pause_on_hover&quot;:&quot;yes&quot;,&quot;pause_on_interaction&quot;:&quot;yes&quot;,&quot;autoplay_speed&quot;:5000,&quot;infinite&quot;:&quot;yes&quot;,&quot;speed&quot;:500}\" data-widget_type=\"image-carousel.default\">\n\t\t\t\t<div class=\"elementor-widget-container\">\n\t\t\t\t\t\t\t<div class=\"elementor-image-carousel-wrapper swiper\" role=\"region\" aria-roledescription=\"carousel\" aria-label=\"Carrossel de imagens\" dir=\"ltr\">\n\t\t\t<div class=\"elementor-image-carousel swiper-wrapper\" aria-live=\"off\">\n\t\t\t\t\t\t\t\t<div class=\"swiper-slide\" role=\"group\" aria-roledescription=\"slide\" aria-label=\"1 de 3\" data-no-translation-aria-label=\"\"><figure class=\"swiper-slide-inner\"><img decoding=\"async\" class=\"swiper-slide-image lazyload\" data-src=\"https:\/\/transestrellafluvialg.com\/wp-content\/uploads\/2025\/08\/2-1-300x300.png\" alt=\"2.png\" src=\"data:image\/gif;base64,R0lGODlhAQABAAAAACH5BAEKAAEALAAAAAABAAEAAAICTAEAOw==\" style=\"--smush-placeholder-width: 300px; --smush-placeholder-aspect-ratio: 300\/300;\" \/><\/figure><\/div><div class=\"swiper-slide\" role=\"group\" aria-roledescription=\"slide\" aria-label=\"2 de 3\" data-no-translation-aria-label=\"\"><figure class=\"swiper-slide-inner\"><img decoding=\"async\" class=\"swiper-slide-image lazyload\" data-src=\"https:\/\/transestrellafluvialg.com\/wp-content\/uploads\/2025\/08\/Logo-Dimar_0-1-300x109.png\" alt=\"Logo-Dimar_0.png\" src=\"data:image\/gif;base64,R0lGODlhAQABAAAAACH5BAEKAAEALAAAAAABAAEAAAICTAEAOw==\" style=\"--smush-placeholder-width: 300px; --smush-placeholder-aspect-ratio: 300\/109;\" \/><\/figure><\/div><div class=\"swiper-slide\" role=\"group\" aria-roledescription=\"slide\" aria-label=\"3 de 3\" data-no-translation-aria-label=\"\"><figure class=\"swiper-slide-inner\"><img decoding=\"async\" class=\"swiper-slide-image lazyload\" data-src=\"https:\/\/transestrellafluvialg.com\/wp-content\/uploads\/2025\/08\/images-1-300x160.jpeg\" alt=\"images.jpeg\" src=\"data:image\/gif;base64,R0lGODlhAQABAAAAACH5BAEKAAEALAAAAAABAAEAAAICTAEAOw==\" style=\"--smush-placeholder-width: 300px; --smush-placeholder-aspect-ratio: 300\/160;\" \/><\/figure><\/div>\t\t\t<\/div>\n\t\t\t\t\t\t\t\t\t\t\t\t<div class=\"elementor-swiper-button elementor-swiper-button-prev\" role=\"button\" tabindex=\"0\">\n\t\t\t\t\t\t<svg aria-hidden=\"true\" class=\"e-font-icon-svg e-eicon-chevron-left\" viewbox=\"0 0 1000 1000\" xmlns=\"http:\/\/www.w3.org\/2000\/svg\"><path d=\"M646 125C629 125 613 133 604 142L308 442C296 454 292 471 292 487 292 504 296 521 308 533L604 854C617 867 629 875 646 875 663 875 679 871 692 858 704 846 713 829 713 812 713 796 708 779 692 767L438 487 692 225C700 217 708 204 708 187 708 171 704 154 692 142 675 129 663 125 646 125Z\"><\/path><\/svg>\t\t\t\t\t<\/div>\n\t\t\t\t\t<div class=\"elementor-swiper-button elementor-swiper-button-next\" role=\"button\" tabindex=\"0\">\n\t\t\t\t\t\t<svg aria-hidden=\"true\" class=\"e-font-icon-svg e-eicon-chevron-right\" viewbox=\"0 0 1000 1000\" xmlns=\"http:\/\/www.w3.org\/2000\/svg\"><path d=\"M696 533C708 521 713 504 713 487 713 471 708 454 696 446L400 146C388 133 375 125 354 125 338 125 325 129 313 142 300 154 292 171 292 187 292 204 296 221 308 233L563 492 304 771C292 783 288 800 288 817 288 833 296 850 308 863 321 871 338 875 354 875 371 875 388 867 400 854L696 533Z\"><\/path><\/svg>\t\t\t\t\t<\/div>\n\t\t\t\t\n\t\t\t\t\t\t\t\t\t<div class=\"swiper-pagination\"><\/div>\n\t\t\t\t\t\t\t\t\t<\/div>\n\t\t\t\t\t\t<\/div>\n\t\t\t\t<\/div>\n\t\t\t\t\t<\/div>\n\t\t\t\t<\/div>\n\t\t\t\t<\/div>","protected":false},"excerpt":{"rendered":"<p>N\u00f3s, da TRANSPORTADORA ESTRELLA FLUVIAL DE GUAINIA SAS, somos uma empresa de transporte fluvial de passageiros com mais de 20 anos de experi\u00eancia atendendo clientes que utilizam nossos servi\u00e7os em diversas rotas fluviais para diferentes destinos na Amaz\u00f4nia colombiana. Desde a nossa funda\u00e7\u00e3o, alcan\u00e7amos in\u00fameros marcos importantes, [\u2026]<\/p>","protected":false},"author":1,"featured_media":0,"parent":0,"menu_order":0,"comment_status":"closed","ping_status":"closed","template":"","meta":{"site-sidebar-layout":"no-sidebar","site-content-layout":"page-builder","ast-site-content-layout":"default","site-content-style":"default","site-sidebar-style":"default","ast-global-header-display":"","ast-banner-title-visibility":"","ast-main-header-display":"","ast-hfb-above-header-display":"","ast-hfb-below-header-display":"","ast-hfb-mobile-header-display":"","site-post-title":"disabled","ast-breadcrumbs-content":"","ast-featured-img":"disabled","footer-sml-layout":"","theme-transparent-header-meta":"disabled","adv-header-id-meta":"","stick-header-meta":"","header-above-stick-meta":"","header-main-stick-meta":"","header-below-stick-meta":"","astra-migrate-meta-layouts":"default","ast-page-background-enabled":"default","ast-page-background-meta":{"desktop":{"background-color":"","background-image":"","background-repeat":"repeat","background-position":"center center","background-size":"auto","background-attachment":"scroll","background-type":"","background-media":"","overlay-type":"","overlay-color":"","overlay-opacity":"","overlay-gradient":""},"tablet":{"background-color":"","background-image":"","background-repeat":"repeat","background-position":"center center","background-size":"auto","background-attachment":"scroll","background-type":"","background-media":"","overlay-type":"","overlay-color":"","overlay-opacity":"","overlay-gradient":""},"mobile":{"background-color":"","background-image":"","background-repeat":"repeat","background-position":"center center","background-size":"auto","background-attachment":"scroll","background-type":"","background-media":"","overlay-type":"","overlay-color":"","overlay-opacity":"","overlay-gradient":""}},"ast-content-background-meta":{"desktop":{"background-color":"var(--ast-global-color-5)","background-image":"","background-repeat":"repeat","background-position":"center center","background-size":"auto","background-attachment":"scroll","background-type":"","background-media":"","overlay-type":"","overlay-color":"","overlay-opacity":"","overlay-gradient":""},"tablet":{"background-color":"var(--ast-global-color-5)","background-image":"","background-repeat":"repeat","background-position":"center center","background-size":"auto","background-attachment":"scroll","background-type":"","background-media":"","overlay-type":"","overlay-color":"","overlay-opacity":"","overlay-gradient":""},"mobile":{"background-color":"var(--ast-global-color-5)","background-image":"","background-repeat":"repeat","background-position":"center center","background-size":"auto","background-attachment":"scroll","background-type":"","background-media":"","overlay-type":"","overlay-color":"","overlay-opacity":"","overlay-gradient":""}},"_joinchat":[],"footnotes":""},"class_list":["post-519","page","type-page","status-publish","hentry"],"aioseo_notices":[],"_links":{"self":[{"href":"https:\/\/transestrellafluvialg.com\/pt\/wp-json\/wp\/v2\/pages\/519","targetHints":{"allow":["GET"]}}],"collection":[{"href":"https:\/\/transestrellafluvialg.com\/pt\/wp-json\/wp\/v2\/pages"}],"about":[{"href":"https:\/\/transestrellafluvialg.com\/pt\/wp-json\/wp\/v2\/types\/page"}],"author":[{"embeddable":true,"href":"https:\/\/transestrellafluvialg.com\/pt\/wp-json\/wp\/v2\/users\/1"}],"replies":[{"embeddable":true,"href":"https:\/\/transestrellafluvialg.com\/pt\/wp-json\/wp\/v2\/comments?post=519"}],"version-history":[{"count":0,"href":"https:\/\/transestrellafluvialg.com\/pt\/wp-json\/wp\/v2\/pages\/519\/revisions"}],"wp:attachment":[{"href":"https:\/\/transestrellafluvialg.com\/pt\/wp-json\/wp\/v2\/media?parent=519"}],"curies":[{"name":"wp","href":"https:\/\/api.w.org\/{rel}","templated":true}]}}